{"id":58011,"date":"2026-04-05T17:06:07","date_gmt":"2026-04-05T17:06:07","guid":{"rendered":"https:\/\/webslescala.com\/rentfrigomaster-inici\/"},"modified":"2026-04-06T21:14:16","modified_gmt":"2026-04-06T21:14:16","slug":"rentfrigomaster-inici","status":"publish","type":"page","link":"https:\/\/webslescala.com\/fr\/rentfrigomaster-inici\/","title":{"rendered":"rentfrigomaster-inici"},"content":{"rendered":"\n  <div class=\"banner has-hover has-parallax\" id=\"banner-1162588621\">\n          <div class=\"banner-inner fill\">\n        <div class=\"banner-bg fill\" data-parallax=\"-5\" data-parallax-container=\".banner\" data-parallax-background>\n            <img loading=\"lazy\" decoding=\"async\" width=\"1020\" height=\"490\" src=\"https:\/\/webslescala.com\/wp-content\/uploads\/2026\/04\/banner-home.jpgrentfrigo--1400x672.jpg\" class=\"bg attachment-large size-large\" alt=\"\" \/>                                    \n                    <\/div>\n\t\t\n        <div class=\"banner-layers container\">\n            <div class=\"fill banner-link\"><\/div>            \n   <div id=\"text-box-1574018497\" class=\"text-box banner-layer x0 md-x0 lg-x0 y15 md-y15 lg-y15 res-text\">\n                     <div data-animate=\"fadeInUp\">           <div class=\"text-box-content text \">\n              \n              <div class=\"text-inner text-center\">\n                  \n\t<div class=\"img has-hover x md-x lg-x y md-y lg-y\" id=\"image_496054960\">\n\t\t\t\t\t\t\t\t<div class=\"img-inner dark\" >\n\t\t\t<img loading=\"lazy\" decoding=\"async\" width=\"528\" height=\"416\" src=\"https:\/\/webslescala.com\/wp-content\/uploads\/2026\/04\/rentfrigomaster-logo-gran.png\" class=\"attachment-large size-large\" alt=\"\" srcset=\"https:\/\/webslescala.com\/wp-content\/uploads\/2026\/04\/rentfrigomaster-logo-gran.png 528w, https:\/\/webslescala.com\/wp-content\/uploads\/2026\/04\/rentfrigomaster-logo-gran-508x400.png 508w\" sizes=\"(max-width: 528px) 100vw, 528px\" \/>\t\t\t\t\t\t\n\t\t\t\t\t<\/div>\n\t\t\t\t\t\t\t\t\n<style>\n#image_496054960 {\n  width: 50%;\n}\n@media (min-width:550px) {\n  #image_496054960 {\n    width: 24%;\n  }\n}\n<\/style>\n\t<\/div>\n\t\n\t<div id=\"text-4049428076\" class=\"text\">\n\t\t\n<h1>una nevera com la de casa per a les teves vacances al c\u00e0mping!<\/strong><\/span><\/h1>\n\t\t\n<style>\n#text-4049428076 {\n  font-size: 0.75rem;\n  color: rgb(0, 73, 173);\n}\n#text-4049428076 > * {\n  color: rgb(0, 73, 173);\n}\n<\/style>\n\t<\/div>\n\t\n<a href=\"\/rentfrigomaster-lloguer\/\" class=\"button primary\" >\n\t\t<span>RESERVAR ARA<\/span>\n\t<\/a>\n\n              <\/div>\n           <\/div>\n       <\/div>                     \n<style>\n#text-box-1574018497 {\n  width: 86%;\n}\n#text-box-1574018497 .text-box-content {\n  font-size: 100%;\n}\n@media (min-width:550px) {\n  #text-box-1574018497 {\n    width: 56%;\n  }\n}\n<\/style>\n    <\/div>\n \n        <\/div>\n      <\/div>\n\n            \n<style>\n#banner-1162588621 {\n  padding-top: 799px;\n  background-color: rgb(255, 255, 255);\n}\n#banner-1162588621 .banner-bg img {\n  object-position: 50% 0%;\n}\n<\/style>\n  <\/div>\n\n\n\n\t<section class=\"section\" id=\"section_1275718262\">\n\t\t<div class=\"section-bg fill\" >\n\t\t\t\t\t\t\t\t\t\n\t\t\t\n\n\t\t<\/div>\n\n\t\t\n\n\t\t<div class=\"section-content relative\">\n\t\t\t\n<div class=\"container section-title-container\" style=\"margin-bottom:50px;max-width:500px;\"><h2 class=\"section-title section-title-normal\"><b aria-hidden=\"true\"><\/b><span class=\"section-title-main\" style=\"color:rgb(255, 255, 255);\"><i class=\"icon-checkmark\" aria-hidden=\"true\"><\/i>LLOGUER DE NEVERES i EXTRES<\/span><b aria-hidden=\"true\"><\/b><\/h2><\/div>\n<div class=\"row align-center\"  id=\"row-1713336566\">\n\n\t<div id=\"col-1542136621\" class=\"col medium-3 small-8 large-3\"  data-animate=\"fadeInLeft\">\n\t\t\t\t<div class=\"col-inner\"  >\n\t\t\t\n\t\t\t\n\t<div class=\"box has-hover   has-hover box-text-bottom\" >\n\n\t\t<div class=\"box-image\" style=\"border-radius:100%;\">\n\t\t\t<a href=\"\/rentfrigomaster-lloguer\" >\t\t\t<div class=\"image-zoom\" >\n\t\t\t\t<img loading=\"lazy\" decoding=\"async\" width=\"254\" height=\"254\" src=\"https:\/\/webslescala.com\/wp-content\/uploads\/2026\/04\/rentfrigo-nevera.jpg\" class=\"attachment- size-\" alt=\"\" srcset=\"https:\/\/webslescala.com\/wp-content\/uploads\/2026\/04\/rentfrigo-nevera.jpg 254w, https:\/\/webslescala.com\/wp-content\/uploads\/2026\/04\/rentfrigo-nevera-100x100.jpg 100w\" sizes=\"(max-width: 254px) 100vw, 254px\" \/>\t\t\t\t\t\t\t\t\t\t\t<\/div>\n\t\t\t<\/a>\t\t<\/div>\n\n\t\t<div class=\"box-text text-center\" >\n\t\t\t<div class=\"box-text-inner\">\n\t\t\t\t\n<a href=\"\/rentfrigomaster-lloguer\" class=\"button white is-larger\" style=\"border-radius:10px;\">\n\t\t<span>NEVERES<\/span>\n\t<\/a>\n\n\t\t\t<\/div>\n\t\t<\/div>\n\t<\/div>\n\t\n\t\t<\/div>\n\t\t\t\t\t<\/div>\n\n\t\n\n\t<div id=\"col-1963969688\" class=\"col medium-3 small-8 large-3\"  data-animate=\"fadeInRight\">\n\t\t\t\t<div class=\"col-inner\"  >\n\t\t\t\n\t\t\t\n\t<div class=\"box has-hover berto-vora  has-hover box-text-bottom\" >\n\n\t\t<div class=\"box-image\" style=\"border-radius:100%;\">\n\t\t\t<a href=\"\/rentfrigomaster-lloguer\" >\t\t\t<div class=\"image-zoom\" >\n\t\t\t\t<img loading=\"lazy\" decoding=\"async\" width=\"251\" height=\"251\" src=\"https:\/\/webslescala.com\/wp-content\/uploads\/2026\/04\/rentfrigo-extres.jpg\" class=\"attachment- size-\" alt=\"\" srcset=\"https:\/\/webslescala.com\/wp-content\/uploads\/2026\/04\/rentfrigo-extres.jpg 251w, https:\/\/webslescala.com\/wp-content\/uploads\/2026\/04\/rentfrigo-extres-100x100.jpg 100w\" sizes=\"(max-width: 251px) 100vw, 251px\" \/>\t\t\t\t\t\t\t\t\t\t\t<\/div>\n\t\t\t<\/a>\t\t<\/div>\n\n\t\t<div class=\"box-text text-center\" >\n\t\t\t<div class=\"box-text-inner\">\n\t\t\t\t\n<a href=\"\/rentfrigomaster-lloguer\" class=\"button white is-larger\" style=\"border-radius:10px;\">\n\t\t<span>EXTRES<\/span>\n\t<\/a>\n\n\t\t\t<\/div>\n\t\t<\/div>\n\t<\/div>\n\t\n\t\t<\/div>\n\t\t\t\t\t<\/div>\n\n\t\n<\/div>\n\t\t<\/div>\n\n\t\t\n<style>\n#section_1275718262 {\n  padding-top: 100px;\n  padding-bottom: 100px;\n  background-color: #4e84c4;\n}\n@media (min-width:550px) {\n  #section_1275718262 {\n    padding-top: 150px;\n    padding-bottom: 150px;\n  }\n}\n<\/style>\n\t<\/section>\n\t\n\n\t<section class=\"section\" id=\"section_1695730127\">\n\t\t<div class=\"section-bg fill\" >\n\t\t\t\t\t\t\t\t\t\n\t\t\t\n\n\t\t<\/div>\n\n\t\t\n\n\t\t<div class=\"section-content relative\">\n\t\t\t\n<div class=\"row align-center\"  id=\"row-1907520947\">\n\n\t<div id=\"col-992743258\" class=\"col medium-7 small-12 large-7\"  data-animate=\"fadeInUp\">\n\t\t\t\t<div class=\"col-inner\"  >\n\t\t\t\n\t\t\t\n<div class=\"container section-title-container\" style=\"margin-bottom:50px;max-width:280px;\"><h2 class=\"section-title section-title-normal\"><b aria-hidden=\"true\"><\/b><span class=\"section-title-main\" style=\"color:rgb(255, 255, 255);\"><i class=\"icon-search\" aria-hidden=\"true\"><\/i>Com funciona? (versi\u00f3 1)<\/span><b aria-hidden=\"true\"><\/b><\/h2><\/div>\n\t\t<\/div>\n\t\t\t\t\n<style>\n#col-992743258 > .col-inner {\n  margin: 0px 0px 50px 0px;\n}\n<\/style>\n\t<\/div>\n\n\t\n\n\t<div id=\"col-742959187\" class=\"col medium-7 small-12 large-7\"  data-animate=\"fadeInRight\">\n\t\t\t\t<div class=\"col-inner box-shadow-3 box-shadow-4-hover\" style=\"background-color:rgb(18, 69, 130);\" >\n\t\t\t\n\t<div class=\"is-border\"\n\t\tstyle=\"border-width:1px 1px 1px 1px;\">\n\t<\/div>\n\t\t\t\n\t<div class=\"box has-hover   has-hover box-text-bottom\" >\n\n\t\t<div class=\"box-image\" style=\"width:31%;\">\n\t\t\t\t\t\t<div class=\"image-zoom\" >\n\t\t\t\t<img loading=\"lazy\" decoding=\"async\" width=\"350\" height=\"200\" src=\"https:\/\/webslescala.com\/wp-content\/uploads\/2026\/04\/rentfrigo-reserva2.png\" class=\"attachment- size-\" alt=\"\" \/>\t\t\t\t\t\t\t\t\t\t\t<\/div>\n\t\t\t\t\t<\/div>\n\n\t\t<div class=\"box-text text-center\" >\n\t\t\t<div class=\"box-text-inner\">\n\t\t\t\t\n\t<div id=\"text-53721798\" class=\"text\">\n\t\t\n<p>Fes la teva reserva online o envia&rsquo;ns un correu<\/p>\n\t\t\n<style>\n#text-53721798 {\n  font-size: 1.25rem;\n  text-align: center;\n  color: rgb(255,255,255);\n}\n#text-53721798 > * {\n  color: rgb(255,255,255);\n}\n<\/style>\n\t<\/div>\n\t\n\t\t\t<\/div>\n\t\t<\/div>\n\t<\/div>\n\t\n\t\t<\/div>\n\t\t\t\t\n<style>\n#col-742959187 > .col-inner {\n  padding: 20px 0px 0px 0px;\n  margin: 0px 0px 50px 0px;\n}\n@media (min-width:550px) {\n  #col-742959187 > .col-inner {\n    padding: 20px 0px 20px 0px;\n  }\n}\n<\/style>\n\t<\/div>\n\n\t\n\n\t<div id=\"col-1350185095\" class=\"col medium-7 small-12 large-7\"  data-animate=\"fadeInRight\">\n\t\t\t\t<div class=\"col-inner box-shadow-3 box-shadow-4-hover\" style=\"background-color:rgb(18, 69, 130);\" >\n\t\t\t\n\t<div class=\"is-border\"\n\t\tstyle=\"border-width:1px 1px 1px 1px;\">\n\t<\/div>\n\t\t\t\n\t<div class=\"box has-hover   has-hover box-text-bottom\" >\n\n\t\t<div class=\"box-image\" style=\"width:31%;\">\n\t\t\t\t\t\t<div class=\"image-zoom\" >\n\t\t\t\t<img loading=\"lazy\" decoding=\"async\" width=\"350\" height=\"200\" src=\"https:\/\/webslescala.com\/wp-content\/uploads\/2026\/04\/rentfrigo-transport2.png\" class=\"attachment- size-\" alt=\"\" \/>\t\t\t\t\t\t\t\t\t\t\t<\/div>\n\t\t\t\t\t<\/div>\n\n\t\t<div class=\"box-text text-center\" >\n\t\t\t<div class=\"box-text-inner\">\n\t\t\t\t\n\t<div id=\"text-296483710\" class=\"text\">\n\t\t\n<p>Fes el CHECK-IN al c\u00e0mping i et portem el frigor\u00edfic\u00a0el m\u00e9s aviat possible<\/p>\n\t\t\n<style>\n#text-296483710 {\n  font-size: 1.25rem;\n  text-align: center;\n  color: rgb(255,255,255);\n}\n#text-296483710 > * {\n  color: rgb(255,255,255);\n}\n<\/style>\n\t<\/div>\n\t\n\t\t\t<\/div>\n\t\t<\/div>\n\t<\/div>\n\t\n\t\t<\/div>\n\t\t\t\t\n<style>\n#col-1350185095 > .col-inner {\n  padding: 20px 0px 0px 0px;\n  margin: 0px 0px 50px 0px;\n}\n@media (min-width:550px) {\n  #col-1350185095 > .col-inner {\n    padding: 20px 0px 20px 0px;\n  }\n}\n<\/style>\n\t<\/div>\n\n\t\n\n\t<div id=\"col-1351901184\" class=\"col medium-7 small-12 large-7\"  data-animate=\"fadeInRight\">\n\t\t\t\t<div class=\"col-inner box-shadow-3 box-shadow-4-hover\" style=\"background-color:rgb(18, 69, 130);\" >\n\t\t\t\n\t<div class=\"is-border\"\n\t\tstyle=\"border-width:1px 1px 1px 1px;\">\n\t<\/div>\n\t\t\t\n\t<div class=\"box has-hover   has-hover box-text-bottom\" >\n\n\t\t<div class=\"box-image\" style=\"width:31%;\">\n\t\t\t\t\t\t<div class=\"image-zoom\" >\n\t\t\t\t<img loading=\"lazy\" decoding=\"async\" width=\"350\" height=\"200\" src=\"https:\/\/webslescala.com\/wp-content\/uploads\/2026\/04\/rentfrigo-pay2.png\" class=\"attachment- size-\" alt=\"\" \/>\t\t\t\t\t\t\t\t\t\t\t<\/div>\n\t\t\t\t\t<\/div>\n\n\t\t<div class=\"box-text text-center\" >\n\t\t\t<div class=\"box-text-inner\">\n\t\t\t\t\n\t<div id=\"text-4024284180\" class=\"text\">\n\t\t\n<p class=\"font_8 wixui-rich-text__text\"><span class=\"color_42 wixui-rich-text__text\"><span class=\"wixui-rich-text__text\">Fes\u00a0<\/span><\/span><span class=\"wixui-rich-text__text\"><span class=\"color_42 wixui-rich-text__text\">el pagament <\/span><\/span><span class=\"color_42 wixui-rich-text__text\"><span class=\"wixui-rich-text__text\">del lloguer\u00a0<\/span><\/span><span class=\"color_42 wixui-rich-text__text\"><span class=\"wixui-rich-text__text\">al transportista<\/span><\/span><\/p>\n\t\t\n<style>\n#text-4024284180 {\n  font-size: 1.25rem;\n  text-align: center;\n  color: rgb(255,255,255);\n}\n#text-4024284180 > * {\n  color: rgb(255,255,255);\n}\n<\/style>\n\t<\/div>\n\t\n\t\t\t<\/div>\n\t\t<\/div>\n\t<\/div>\n\t\n\t\t<\/div>\n\t\t\t\t\n<style>\n#col-1351901184 > .col-inner {\n  padding: 20px 0px 0px 0px;\n  margin: 0px 0px 50px 0px;\n}\n@media (min-width:550px) {\n  #col-1351901184 > .col-inner {\n    padding: 20px 0px 20px 0px;\n  }\n}\n<\/style>\n\t<\/div>\n\n\t\n\n\t<div id=\"col-1727371998\" class=\"col medium-7 small-12 large-7\"  data-animate=\"fadeInRight\">\n\t\t\t\t<div class=\"col-inner box-shadow-3 box-shadow-4-hover\" style=\"background-color:rgb(18, 69, 130);\" >\n\t\t\t\n\t<div class=\"is-border\"\n\t\tstyle=\"border-width:1px 1px 1px 1px;\">\n\t<\/div>\n\t\t\t\n\t<div class=\"box has-hover   has-hover box-text-bottom\" >\n\n\t\t<div class=\"box-image\" style=\"width:31%;\">\n\t\t\t\t\t\t<div class=\"image-zoom\" >\n\t\t\t\t<img loading=\"lazy\" decoding=\"async\" width=\"350\" height=\"200\" src=\"https:\/\/webslescala.com\/wp-content\/uploads\/2026\/04\/rentfrigo-camping2.png\" class=\"attachment- size-\" alt=\"\" \/>\t\t\t\t\t\t\t\t\t\t\t<\/div>\n\t\t\t\t\t<\/div>\n\n\t\t<div class=\"box-text text-center\" >\n\t\t\t<div class=\"box-text-inner\">\n\t\t\t\t\n\t<div id=\"text-871914310\" class=\"text\">\n\t\t\n<p>Gaudeix les teves vacances amb la comoditat de tenir un frigor\u00edfic de Rentfrigomaster<\/p>\n\t\t\n<style>\n#text-871914310 {\n  font-size: 1.25rem;\n  text-align: center;\n  color: rgb(255,255,255);\n}\n#text-871914310 > * {\n  color: rgb(255,255,255);\n}\n<\/style>\n\t<\/div>\n\t\n\t\t\t<\/div>\n\t\t<\/div>\n\t<\/div>\n\t\n\t\t<\/div>\n\t\t\t\t\n<style>\n#col-1727371998 > .col-inner {\n  padding: 20px 0px 0px 0px;\n  margin: 0px 0px 50px 0px;\n}\n@media (min-width:550px) {\n  #col-1727371998 > .col-inner {\n    padding: 20px 0px 20px 0px;\n  }\n}\n<\/style>\n\t<\/div>\n\n\t\n\n\t<div id=\"col-1205241795\" class=\"col medium-7 small-12 large-7\"  data-animate=\"fadeInUp\">\n\t\t\t\t<div class=\"col-inner text-center\"  >\n\t\t\t\n\t\t\t\n<a href=\"\/rentfrigomaster-lloguer\/\" class=\"button success is-large\" >\n\t\t<span>RESERVAR ARA<\/span>\n\t<i class=\"icon-checkmark\" aria-hidden=\"true\"><\/i><\/a>\n\n\t\t<\/div>\n\t\t\t\t\t<\/div>\n\n\t\n<\/div>\n\t\t<\/div>\n\n\t\t\n<style>\n#section_1695730127 {\n  padding-top: 100px;\n  padding-bottom: 100px;\n  background-color: rgb(29, 85, 151);\n}\n@media (min-width:550px) {\n  #section_1695730127 {\n    padding-top: 150px;\n    padding-bottom: 150px;\n  }\n}\n<\/style>\n\t<\/section>\n\t\n\t<div id=\"gap-957649073\" class=\"gap-element clearfix\" style=\"display:block; height:auto;\">\n\t\t\n<style>\n#gap-957649073 {\n  padding-top: 30px;\n}\n<\/style>\n\t<\/div>\n\t\n\n\t<section class=\"section\" id=\"section_822537377\">\n\t\t<div class=\"section-bg fill\" >\n\t\t\t\t\t\t\t\t\t\n\t\t\t\n\n\t\t<\/div>\n\n\t\t\n\n\t\t<div class=\"section-content relative\">\n\t\t\t\n<div class=\"row align-equal align-center\"  id=\"row-1693659785\">\n\n\t<div id=\"col-1654137117\" class=\"col small-12 large-12\"  data-animate=\"fadeInUp\">\n\t\t\t\t<div class=\"col-inner\"  >\n\t\t\t\n\t\t\t\n<div class=\"container section-title-container\" style=\"margin-bottom:50px;max-width:280px;\"><h2 class=\"section-title section-title-normal\"><b aria-hidden=\"true\"><\/b><span class=\"section-title-main\" style=\"color:rgb(255, 255, 255);\"><i class=\"icon-search\" aria-hidden=\"true\"><\/i>Com funciona? (versi\u00f3 2)<\/span><b aria-hidden=\"true\"><\/b><\/h2><\/div>\n\t\t<\/div>\n\t\t\t\t\t<\/div>\n\n\t\n\n\t<div id=\"col-1541833978\" class=\"col medium-3 small-12 large-3\"  data-animate=\"fadeInRight\">\n\t\t\t\t<div class=\"col-inner box-shadow-3 box-shadow-4-hover\" style=\"background-color:rgb(18, 69, 130);\" >\n\t\t\t\n\t<div class=\"is-border\"\n\t\tstyle=\"border-width:1px 1px 1px 1px;\">\n\t<\/div>\n\t\t\t\n\t<div class=\"box has-hover   has-hover box-text-bottom\" >\n\n\t\t<div class=\"box-image\" style=\"width:80%;\">\n\t\t\t\t\t\t<div class=\"image-zoom\" >\n\t\t\t\t<img loading=\"lazy\" decoding=\"async\" width=\"350\" height=\"200\" src=\"https:\/\/webslescala.com\/wp-content\/uploads\/2026\/04\/rentfrigo-reserva2.png\" class=\"attachment- size-\" alt=\"\" \/>\t\t\t\t\t\t\t\t\t\t\t<\/div>\n\t\t\t\t\t<\/div>\n\n\t\t<div class=\"box-text text-center\" >\n\t\t\t<div class=\"box-text-inner\">\n\t\t\t\t\n\t<div id=\"text-599922694\" class=\"text\">\n\t\t\n<p>Fes la teva reserva online o envia&rsquo;ns un correu<\/p>\n\t\t\n<style>\n#text-599922694 {\n  font-size: 1.25rem;\n  text-align: center;\n  color: rgb(255,255,255);\n}\n#text-599922694 > * {\n  color: rgb(255,255,255);\n}\n<\/style>\n\t<\/div>\n\t\n\t\t\t<\/div>\n\t\t<\/div>\n\t<\/div>\n\t\n\t\t<\/div>\n\t\t\t\t\n<style>\n#col-1541833978 > .col-inner {\n  padding: 20px 0px 0px 0px;\n  margin: 0px 0px 50px 0px;\n}\n@media (min-width:550px) {\n  #col-1541833978 > .col-inner {\n    padding: 20px 0px 20px 0px;\n  }\n}\n<\/style>\n\t<\/div>\n\n\t\n\n\t<div id=\"col-974182810\" class=\"col medium-3 small-12 large-3\"  data-animate=\"fadeInRight\">\n\t\t\t\t<div class=\"col-inner box-shadow-3 box-shadow-4-hover\" style=\"background-color:rgb(18, 69, 130);\" >\n\t\t\t\n\t<div class=\"is-border\"\n\t\tstyle=\"border-width:1px 1px 1px 1px;\">\n\t<\/div>\n\t\t\t\n\t<div class=\"box has-hover   has-hover box-text-bottom\" >\n\n\t\t<div class=\"box-image\" style=\"width:80%;\">\n\t\t\t\t\t\t<div class=\"image-zoom\" >\n\t\t\t\t<img loading=\"lazy\" decoding=\"async\" width=\"350\" height=\"200\" src=\"https:\/\/webslescala.com\/wp-content\/uploads\/2026\/04\/rentfrigo-transport2.png\" class=\"attachment- size-\" alt=\"\" \/>\t\t\t\t\t\t\t\t\t\t\t<\/div>\n\t\t\t\t\t<\/div>\n\n\t\t<div class=\"box-text text-center\" >\n\t\t\t<div class=\"box-text-inner\">\n\t\t\t\t\n\t<div id=\"text-2756415230\" class=\"text\">\n\t\t\n<p>Fes el CHECK-IN al c\u00e0mping i et portem el frigor\u00edfic\u00a0el m\u00e9s aviat possible<\/p>\n\t\t\n<style>\n#text-2756415230 {\n  font-size: 1.25rem;\n  text-align: center;\n  color: rgb(255,255,255);\n}\n#text-2756415230 > * {\n  color: rgb(255,255,255);\n}\n<\/style>\n\t<\/div>\n\t\n\t\t\t<\/div>\n\t\t<\/div>\n\t<\/div>\n\t\n\t\t<\/div>\n\t\t\t\t\n<style>\n#col-974182810 > .col-inner {\n  padding: 20px 0px 0px 0px;\n  margin: 0px 0px 50px 0px;\n}\n@media (min-width:550px) {\n  #col-974182810 > .col-inner {\n    padding: 20px 0px 20px 0px;\n  }\n}\n<\/style>\n\t<\/div>\n\n\t\n\n\t<div id=\"col-1971407544\" class=\"col medium-3 small-12 large-3\"  data-animate=\"fadeInRight\">\n\t\t\t\t<div class=\"col-inner box-shadow-3 box-shadow-4-hover\" style=\"background-color:rgb(18, 69, 130);\" >\n\t\t\t\n\t<div class=\"is-border\"\n\t\tstyle=\"border-width:1px 1px 1px 1px;\">\n\t<\/div>\n\t\t\t\n\t<div class=\"box has-hover   has-hover box-text-bottom\" >\n\n\t\t<div class=\"box-image\" style=\"width:80%;\">\n\t\t\t\t\t\t<div class=\"image-zoom\" >\n\t\t\t\t<img loading=\"lazy\" decoding=\"async\" width=\"350\" height=\"200\" src=\"https:\/\/webslescala.com\/wp-content\/uploads\/2026\/04\/rentfrigo-pay2.png\" class=\"attachment- size-\" alt=\"\" \/>\t\t\t\t\t\t\t\t\t\t\t<\/div>\n\t\t\t\t\t<\/div>\n\n\t\t<div class=\"box-text text-center\" >\n\t\t\t<div class=\"box-text-inner\">\n\t\t\t\t\n\t<div id=\"text-2075363031\" class=\"text\">\n\t\t\n<p class=\"font_8 wixui-rich-text__text\"><span class=\"color_42 wixui-rich-text__text\"><span class=\"wixui-rich-text__text\">Fes\u00a0<\/span><\/span><span class=\"wixui-rich-text__text\"><span class=\"color_42 wixui-rich-text__text\">el pagament <\/span><\/span><span class=\"color_42 wixui-rich-text__text\"><span class=\"wixui-rich-text__text\">del lloguer\u00a0<\/span><\/span><span class=\"color_42 wixui-rich-text__text\"><span class=\"wixui-rich-text__text\">al transportista<\/span><\/span><\/p>\n\t\t\n<style>\n#text-2075363031 {\n  font-size: 1.25rem;\n  text-align: center;\n  color: rgb(255,255,255);\n}\n#text-2075363031 > * {\n  color: rgb(255,255,255);\n}\n<\/style>\n\t<\/div>\n\t\n\t\t\t<\/div>\n\t\t<\/div>\n\t<\/div>\n\t\n\t\t<\/div>\n\t\t\t\t\n<style>\n#col-1971407544 > .col-inner {\n  padding: 20px 0px 0px 0px;\n  margin: 0px 0px 50px 0px;\n}\n@media (min-width:550px) {\n  #col-1971407544 > .col-inner {\n    padding: 20px 0px 20px 0px;\n  }\n}\n<\/style>\n\t<\/div>\n\n\t\n\n\t<div id=\"col-1010929903\" class=\"col medium-3 small-12 large-3\"  data-animate=\"fadeInRight\">\n\t\t\t\t<div class=\"col-inner box-shadow-3 box-shadow-4-hover\" style=\"background-color:rgb(18, 69, 130);\" >\n\t\t\t\n\t<div class=\"is-border\"\n\t\tstyle=\"border-width:1px 1px 1px 1px;\">\n\t<\/div>\n\t\t\t\n\t<div class=\"box has-hover   has-hover box-text-bottom\" >\n\n\t\t<div class=\"box-image\" style=\"width:80%;\">\n\t\t\t\t\t\t<div class=\"image-zoom\" >\n\t\t\t\t<img loading=\"lazy\" decoding=\"async\" width=\"350\" height=\"200\" src=\"https:\/\/webslescala.com\/wp-content\/uploads\/2026\/04\/rentfrigo-camping2.png\" class=\"attachment- size-\" alt=\"\" \/>\t\t\t\t\t\t\t\t\t\t\t<\/div>\n\t\t\t\t\t<\/div>\n\n\t\t<div class=\"box-text text-center\" >\n\t\t\t<div class=\"box-text-inner\">\n\t\t\t\t\n\t<div id=\"text-2130234192\" class=\"text\">\n\t\t\n<p>Gaudeix les teves vacances amb la comoditat de tenir un frigor\u00edfic de Rentfrigomaster<\/p>\n\t\t\n<style>\n#text-2130234192 {\n  font-size: 1.25rem;\n  text-align: center;\n  color: rgb(255,255,255);\n}\n#text-2130234192 > * {\n  color: rgb(255,255,255);\n}\n<\/style>\n\t<\/div>\n\t\n\t\t\t<\/div>\n\t\t<\/div>\n\t<\/div>\n\t\n\t\t<\/div>\n\t\t\t\t\n<style>\n#col-1010929903 > .col-inner {\n  padding: 20px 0px 0px 0px;\n  margin: 0px 0px 50px 0px;\n}\n@media (min-width:550px) {\n  #col-1010929903 > .col-inner {\n    padding: 20px 0px 20px 0px;\n  }\n}\n<\/style>\n\t<\/div>\n\n\t\n\n\t<div id=\"col-1918561186\" class=\"col medium-7 small-12 large-7\"  data-animate=\"fadeInUp\">\n\t\t\t\t<div class=\"col-inner text-center\"  >\n\t\t\t\n\t\t\t\n<a href=\"\/rentfrigomaster-lloguer\/\" class=\"button success is-large\" >\n\t\t<span>RESERVAR ARA<\/span>\n\t<i class=\"icon-checkmark\" aria-hidden=\"true\"><\/i><\/a>\n\n\t\t<\/div>\n\t\t\t\t\t<\/div>\n\n\t\n<\/div>\n\t\t<\/div>\n\n\t\t\n<style>\n#section_822537377 {\n  padding-top: 100px;\n  padding-bottom: 100px;\n  background-color: rgb(29, 85, 151);\n}\n@media (min-width:550px) {\n  #section_822537377 {\n    padding-top: 150px;\n    padding-bottom: 150px;\n  }\n}\n<\/style>\n\t<\/section>\n\t\n\n\t<section class=\"section has-parallax\" id=\"section_571064587\">\n\t\t<div class=\"section-bg fill\" data-parallax-container=\".section\" data-parallax-background data-parallax=\"-5\">\n\t\t\t<img loading=\"lazy\" decoding=\"async\" width=\"1588\" height=\"913\" src=\"https:\/\/webslescala.com\/wp-content\/uploads\/2026\/04\/rentfrigo-caravana-lores.jpg\" class=\"bg attachment- size-\" alt=\"\" \/>\t\t\t\t\t\t\n\t\t\t\n\n\t\t<\/div>\n\n\t\t\n\n\t\t<div class=\"section-content relative\">\n\t\t\t\n\t\t<\/div>\n\n\t\t\n<style>\n#section_571064587 {\n  padding-top: 30px;\n  padding-bottom: 30px;\n  min-height: 500px;\n}\n#section_571064587 .section-bg img {\n  object-position: 36% 41%;\n}\n<\/style>\n\t<\/section>\n\t\n\n\t<section class=\"section\" id=\"section_1541027393\">\n\t\t<div class=\"section-bg fill\" >\n\t\t\t\t\t\t\t\t\t\n\t\t\t\n\n\t\t<\/div>\n\n\t\t\n\n\t\t<div class=\"section-content relative\">\n\t\t\t\n<div class=\"row align-center\"  id=\"row-524484740\">\n\n\t<div id=\"col-1562954078\" class=\"col medium-9 small-12 large-9\"  data-animate=\"fadeInUp\">\n\t\t\t\t<div class=\"col-inner text-center\"  >\n\t\t\t\n\t\t\t\n\t<div class=\"box has-hover   has-hover box-default box-text-bottom\" >\n\n\t\t<div class=\"box-image\" style=\"width:16%;\">\n\t\t\t\t\t\t<div class=\"\" >\n\t\t\t\t<img loading=\"lazy\" decoding=\"async\" width=\"528\" height=\"416\" src=\"https:\/\/webslescala.com\/wp-content\/uploads\/2026\/04\/rentfrigomaster-logo-gran.png\" class=\"attachment- size-\" alt=\"\" srcset=\"https:\/\/webslescala.com\/wp-content\/uploads\/2026\/04\/rentfrigomaster-logo-gran.png 528w, https:\/\/webslescala.com\/wp-content\/uploads\/2026\/04\/rentfrigomaster-logo-gran-508x400.png 508w\" sizes=\"(max-width: 528px) 100vw, 528px\" \/>\t\t\t\t\t\t\t\t\t\t\t<\/div>\n\t\t\t\t\t<\/div>\n\n\t\t<div class=\"box-text text-center\" >\n\t\t\t<div class=\"box-text-inner\">\n\t\t\t\t\n\t<div id=\"text-673162790\" class=\"text\">\n\t\t\n<h2>Sobre RentFrigoMaster<\/h2>\n\t\t\n<style>\n#text-673162790 {\n  font-size: 1.65rem;\n  text-align: center;\n  color: rgb(255,255,255);\n}\n#text-673162790 > * {\n  color: rgb(255,255,255);\n}\n<\/style>\n\t<\/div>\n\t\n\t\t\t<\/div>\n\t\t<\/div>\n\t<\/div>\n\t\n\t\t<\/div>\n\t\t\t\t\t<\/div>\n\n\t\n\n\t<div id=\"col-665614918\" class=\"col medium-7 small-12 large-7\"  data-animate=\"fadeInUp\">\n\t\t\t\t<div class=\"col-inner\"  >\n\t\t\t\n\t\t\t\n\t<div id=\"text-539799549\" class=\"text\">\n\t\t\n<p style=\"text-align: justify;\">RentFrigoMaster \u00e9s una empresa amb m\u00e9s de 40 anys dedicada al lloguer de neveres pels campistes, de manera que vost\u00e8 pugui gaudir d\u2019una estada al c\u00e0mping el m\u00e9s agradable i comfortable possible. Com a casa.<\/p>\n<p style=\"text-align: justify;\">Li oferim totes les facilitats possibles, ja que ens encarreguem de portar-li el frigor\u00edfic fins a la seva parcel\u00b7la el dia que arriba al c\u00e0mping i el\u00a0recollirem\u00a0el dia en qu\u00e8 finalitzen les seves vacances.<\/p>\n<p style=\"text-align: justify;\">Ens adaptem a totes les fam\u00edlies i\u00a0situacions, oferint-li diferents mides de frigor\u00edfics segons li convingui.<\/p>\n<p style=\"text-align: justify;\">Tant si sou una parella, un grup, una fam\u00edlia nombrosa, o si us allotgeu en una tenda, una caravana o fins i tot a un mobilhome, podreu escollir la nevera que millor s&rsquo;adapti a vosaltres. I totes al mateix preu!<\/p>\n\t\t\n<style>\n#text-539799549 {\n  text-align: center;\n  color: rgb(255,255,255);\n}\n#text-539799549 > * {\n  color: rgb(255,255,255);\n}\n<\/style>\n\t<\/div>\n\t\n\t\t<\/div>\n\t\t\t\t\t<\/div>\n\n\t\n<\/div>\n\t\t<\/div>\n\n\t\t\n<style>\n#section_1541027393 {\n  padding-top: 100px;\n  padding-bottom: 100px;\n  background-color: #4e84c4;\n}\n@media (min-width:550px) {\n  #section_1541027393 {\n    padding-top: 150px;\n    padding-bottom: 150px;\n  }\n}\n<\/style>\n\t<\/section>\n\t\n","protected":false},"excerpt":{"rendered":"","protected":false},"author":1,"featured_media":0,"parent":0,"menu_order":0,"comment_status":"closed","ping_status":"closed","template":"","meta":{"footnotes":""},"class_list":["post-58011","page","type-page","status-publish","hentry"],"_links":{"self":[{"href":"https:\/\/webslescala.com\/fr\/wp-json\/wp\/v2\/pages\/58011"}],"collection":[{"href":"https:\/\/webslescala.com\/fr\/wp-json\/wp\/v2\/pages"}],"about":[{"href":"https:\/\/webslescala.com\/fr\/wp-json\/wp\/v2\/types\/page"}],"author":[{"embeddable":true,"href":"https:\/\/webslescala.com\/fr\/wp-json\/wp\/v2\/users\/1"}],"replies":[{"embeddable":true,"href":"https:\/\/webslescala.com\/fr\/wp-json\/wp\/v2\/comments?post=58011"}],"version-history":[{"count":1,"href":"https:\/\/webslescala.com\/fr\/wp-json\/wp\/v2\/pages\/58011\/revisions"}],"predecessor-version":[{"id":58014,"href":"https:\/\/webslescala.com\/fr\/wp-json\/wp\/v2\/pages\/58011\/revisions\/58014"}],"wp:attachment":[{"href":"https:\/\/webslescala.com\/fr\/wp-json\/wp\/v2\/media?parent=58011"}],"curies":[{"name":"wp","href":"https:\/\/api.w.org\/{rel}","templated":true}]}}